{"id":5,"date":"2025-09-09T09:51:27","date_gmt":"2025-09-09T09:51:27","guid":{"rendered":"https:\/\/mindyourself.hr\/wp\/?page_id=5"},"modified":"2025-12-28T11:03:53","modified_gmt":"2025-12-28T11:03:53","slug":"organizational-culture","status":"publish","type":"page","link":"https:\/\/mindyourself.hr\/en\/organizational-culture\/","title":{"rendered":"Organizational culture"},"content":{"rendered":"<head>\n    <meta charset=\"UTF-8\" \/>\n    <meta name=\"viewport\" content=\"width=device-width, initial-scale=1.0\" \/>\n    <title>Mind Yourself\u2122 | Organizacijska kultura<\/title>\n    <link href=\"https:\/\/fonts.cdnfonts.com\/css\/myriad-pro\" rel=\"stylesheet\">\n  <\/head>\n\n<section class=\"culture-section\">\n    <div class=\"container\">\n      <div class=\"culture-inner\">\n        <h2 class=\"culture-title\">ORGANIZATIONAL CULTURE<\/h2>\n        <p class=\"culture-lead\">\n          Culture is not what&#039;s written on the wall \u2013 it&#039;s what happens when no one is looking.<br><br>\n          We build an organizational culture that fosters trust, collaboration, and accountability, using data, precise tools, and conversations that reveal the real state of your organization.<br><br>\n          Our methodology combines a human approach and measurable results, so that change is not a passing initiative, but a new way of working.<br><br>\n          From assessments and diagnostics, to strategy design, to monitoring and maintaining change - we work side by side with you until the new culture becomes your everyday life.\n        <\/p>\n        <blockquote class=\"culture-highlight\">\n          \u201e&quot;Because a strong culture not only attracts talents - it retains and develops them.&quot;\u201c\n        <\/blockquote>\n        <ul class=\"culture-list\">\n          <li>Culture, change and engagement (systematic and sustainable)<\/li>\n          <li>Assessments (<a href=\"https:\/\/www.hoganassessments.com\">HOGAN<\/a>, DISC, 5D Team Effectiveness Assessment, Leadership Practices Inventory, High 5 Strengths, <a href=\"https:\/\/www.positiveintelligence.com\/saboteurs\/\">Saboteur Assessment<\/a>)<\/li>\n          <li>Organizational Culture Analysis Tool (OCAI)<\/li>\n          <li>Systematic solutions for growth and development<\/li>\n          <li>Trust and accountability strengthening programs<\/li>\n        <\/ul>\n      <\/div>\n    <\/div>\n  <\/section>\n  <section class=\"testimonial\">\n    <div class=\"container\">\n      <h2 class=\"testimonial-title\">\n        What our clients customer notice when the organization grows with us\n      <\/h2>\n        <p class=\"testimonial-text\">\n          \u201e&quot;I had the need and opportunity to communicate with a dozen of your employees and every single one of them was kind, focused on finding solutions, focused, proactive, took responsibility, and at the same time were professional and their own, each in their own domain of work and in their own way. Everything I needed ran smoothly, and the processes are reasonable and purposeful. I have a strong impression that this is not a coincidence, but that your company systematically works on such standards. I know that this kind of attitude towards work and users requires good and strong leadership\/management, as well as quality and motivated employees. You managed to convey the values that you obviously share in the company in every contact with me as a user: expertise, taking responsibility, humanity, kindness, interest, proactivity, independence... You give the impression that you know what you are doing and that you are available for us users. That is truly a very good feeling. As a user, after this short time, I have confidence that I can call you (and reach you), that you will hear and recognize what the need is, find a solution, take responsibility, stick to what has been agreed, report the outcome and round off the entire inquiry.&quot;\u201c\n        <\/p>\n    <\/div>\n<\/section>\n\n  <!--\n  <section class=\"related-blogs\">\n    <div class=\"container\">\n        <h2>Povezani blogovi<\/h2>\n        <div class=\"blog-placeholder\">\n             Ovdje \u0107e kasnije biti prikazani blogovi vezani uz assessment\n        <\/div>\n    <\/div>\n<\/section>\n-->\n  <section class=\"contact-section-wrapper\">\n    <section id=\"contact\" class=\"contact-section\">\n        <h2 class=\"section-title\">You deserve to be among the best.<\/h2>\n        <div class=\"contact-container\">\n          <div class=\"contact-info\">\n            <h3>Culture is not a poster on the wall \u2013 culture is what your clients feel!<\/h3>\n            <p>Organizational culture is not shown in big words, but in small, everyday actions. It lives through the way employees communicate, take responsibility, solve challenges and relate to others.<\/p>\n            <p>When a culture really works, the client feels it immediately \u2013 trust, clarity, professionalism and humanity. It is a sign that the organization does not just talk about values, but actually lives them. Organizational culture is defined by the worst behavior a company is willing to tolerate.\nIf addressing it feels too difficult from within, we are here to help<\/p>\n            <div class=\"contact-info-image\">\n                <img decoding=\"async\" src=\"https:\/\/mindyourself.hr\/wp\/wp-content\/uploads\/2025\/09\/orgnizacijskaCTA-scaled.jpg\" alt=\"Ilustracija\" \/>\n            <\/div>\n        <\/div>\n            <div class=\"contact-form\">\n                  <form method=\"POST\" action=\"\" class=\"mindyourself-contact-form\" data-trp-original-action=\"\">\n      <div class=\"form-group\">\n        <label for=\"name\">First and last name<\/label>\n        <input type=\"text\" id=\"name\" name=\"name\" placeholder=\"Your name and surname\" required>\n      <\/div>\n      <div class=\"form-group\">\n        <label for=\"company\">Company or organization<\/label>\n        <input type=\"text\" id=\"company\" name=\"company\" placeholder=\"Company or organization name (optional)\">\n      <\/div>\n      <div class=\"form-group\">\n        <label for=\"email\">E-mail address<\/label>\n        <input type=\"email\" id=\"email\" name=\"email\" placeholder=\"Your email address\" required>\n      <\/div>\n      <div class=\"form-group\">\n        <label for=\"phone\">Phone<\/label>\n        <input type=\"tel\" id=\"phone\" name=\"phone\" placeholder=\"Your contact phone number\" required>\n      <\/div>\n      <div class=\"form-group\">\n        <label for=\"message\">Your message<\/label>\n        <textarea id=\"message\" name=\"message\" placeholder=\"If you could, what behavior of your employees would you change immediately?\" rows=\"5\"><\/textarea>\n      <\/div>\n      <div class=\"form-group gdpr-consent\">\n        <input type=\"checkbox\" id=\"gdprConsent\" name=\"gdprConsent\" required \/>\n        <label for=\"gdprConsent\">\n          I agree that my personal data will be used to contact and send the requested information, in accordance with <a href=\"\/en\/privacy-policy\/\">Privacy Policy<\/a>\n        <\/label>\n      <\/div>\n\n      <input type=\"hidden\" name=\"form_type\" value=\"organizacijska\" \/>\n      <input type=\"hidden\" name=\"workshop_name\" value=\"Organizacijska kultura\" \/>\n\n      <button type=\"submit\" class=\"submit-button\">We know how to do it.<\/button>\n  <input type=\"hidden\" name=\"trp-form-language\" value=\"en\"\/><\/form>\n  \n\n            <\/div>\n        <\/div>\n    <\/section>\n<\/section>\n\n\n\n<p><\/p>","protected":false},"excerpt":{"rendered":"<p>Mind Yourself\u2122 | Organizacijska kultura ORGANIZACIJSKA KULTURA Kultura nije ono \u0161to pi\u0161e na zidu \u2013 to je ono \u0161to se doga\u0111a kad nitko ne gleda. Gradimo organizacijsku kulturu koja poti\u010de povjerenje, suradnju i odgovornost, koriste\u0107i podatke, precizne alate i razgovore koji otkrivaju stvarno stanje. Na\u0161a metodologija spaja ljudski pristup i mjerljive rezultate, tako da promjena [&hellip;]<\/p>","protected":false},"author":1,"featured_media":0,"parent":0,"menu_order":0,"comment_status":"closed","ping_status":"closed","template":"","meta":{"footnotes":""},"class_list":["post-5","page","type-page","status-publish","hentry"],"yoast_head":"<!-- This site is optimized with the Yoast SEO plugin v26.2 - https:\/\/yoast.com\/wordpress\/plugins\/seo\/ -->\n<title>Organizacijska kultura - Mind Yourself<\/title>\n<meta name=\"robots\" content=\"index, follow, max-snippet:-1, max-image-preview:large, max-video-preview:-1\" \/>\n<link rel=\"canonical\" href=\"https:\/\/mindyourself.hr\/en\/organizational-culture\/\" \/>\n<meta property=\"og:locale\" content=\"en_US\" \/>\n<meta property=\"og:type\" content=\"article\" \/>\n<meta property=\"og:title\" content=\"Organizacijska kultura - Mind Yourself\" \/>\n<meta property=\"og:description\" content=\"Mind Yourself\u2122 | Organizacijska kultura ORGANIZACIJSKA KULTURA Kultura nije ono \u0161to pi\u0161e na zidu \u2013 to je ono \u0161to se doga\u0111a kad nitko ne gleda. Gradimo organizacijsku kulturu koja poti\u010de povjerenje, suradnju i odgovornost, koriste\u0107i podatke, precizne alate i razgovore koji otkrivaju stvarno stanje. Na\u0161a metodologija spaja ljudski pristup i mjerljive rezultate, tako da promjena [&hellip;]\" \/>\n<meta property=\"og:url\" content=\"https:\/\/mindyourself.hr\/en\/organizational-culture\/\" \/>\n<meta property=\"og:site_name\" content=\"Mind Yourself\" \/>\n<meta property=\"article:publisher\" content=\"https:\/\/www.facebook.com\/profile.php?id=61580138521679\" \/>\n<meta property=\"article:modified_time\" content=\"2025-12-28T11:03:53+00:00\" \/>\n<meta property=\"og:image\" content=\"https:\/\/mindyourself.hr\/wp\/wp-content\/uploads\/2025\/09\/orgnizacijskaCTA-scaled.jpg\" \/>\n<meta name=\"twitter:card\" content=\"summary_large_image\" \/>\n<meta name=\"twitter:label1\" content=\"Est. reading time\" \/>\n\t<meta name=\"twitter:data1\" content=\"3 minutes\" \/>\n<script type=\"application\/ld+json\" class=\"yoast-schema-graph\">{\"@context\":\"https:\/\/schema.org\",\"@graph\":[{\"@type\":\"WebPage\",\"@id\":\"https:\/\/mindyourself.hr\/organizational-culture\/\",\"url\":\"https:\/\/mindyourself.hr\/organizational-culture\/\",\"name\":\"Organizacijska kultura - Mind Yourself\",\"isPartOf\":{\"@id\":\"https:\/\/mindyourself.hr\/#website\"},\"primaryImageOfPage\":{\"@id\":\"https:\/\/mindyourself.hr\/organizational-culture\/#primaryimage\"},\"image\":{\"@id\":\"https:\/\/mindyourself.hr\/organizational-culture\/#primaryimage\"},\"thumbnailUrl\":\"https:\/\/mindyourself.hr\/wp\/wp-content\/uploads\/2025\/09\/orgnizacijskaCTA-scaled.jpg\",\"datePublished\":\"2025-09-09T09:51:27+00:00\",\"dateModified\":\"2025-12-28T11:03:53+00:00\",\"breadcrumb\":{\"@id\":\"https:\/\/mindyourself.hr\/organizational-culture\/#breadcrumb\"},\"inLanguage\":\"en-US\",\"potentialAction\":[{\"@type\":\"ReadAction\",\"target\":[\"https:\/\/mindyourself.hr\/organizational-culture\/\"]}]},{\"@type\":\"ImageObject\",\"inLanguage\":\"en-US\",\"@id\":\"https:\/\/mindyourself.hr\/organizational-culture\/#primaryimage\",\"url\":\"https:\/\/mindyourself.hr\/wp\/wp-content\/uploads\/2025\/09\/orgnizacijskaCTA-scaled.jpg\",\"contentUrl\":\"https:\/\/mindyourself.hr\/wp\/wp-content\/uploads\/2025\/09\/orgnizacijskaCTA-scaled.jpg\"},{\"@type\":\"BreadcrumbList\",\"@id\":\"https:\/\/mindyourself.hr\/organizational-culture\/#breadcrumb\",\"itemListElement\":[{\"@type\":\"ListItem\",\"position\":1,\"name\":\"Home\",\"item\":\"https:\/\/mindyourself.hr\/\"},{\"@type\":\"ListItem\",\"position\":2,\"name\":\"Organizacijska kultura\"}]},{\"@type\":\"WebSite\",\"@id\":\"https:\/\/mindyourself.hr\/#website\",\"url\":\"https:\/\/mindyourself.hr\/\",\"name\":\"Mind Yourself\",\"description\":\"Access your unlimited potential\",\"publisher\":{\"@id\":\"https:\/\/mindyourself.hr\/#organization\"},\"potentialAction\":[{\"@type\":\"SearchAction\",\"target\":{\"@type\":\"EntryPoint\",\"urlTemplate\":\"https:\/\/mindyourself.hr\/?s={search_term_string}\"},\"query-input\":{\"@type\":\"PropertyValueSpecification\",\"valueRequired\":true,\"valueName\":\"search_term_string\"}}],\"inLanguage\":\"en-US\"},{\"@type\":\"Organization\",\"@id\":\"https:\/\/mindyourself.hr\/#organization\",\"name\":\"Mind Yourself\",\"url\":\"https:\/\/mindyourself.hr\/\",\"logo\":{\"@type\":\"ImageObject\",\"inLanguage\":\"en-US\",\"@id\":\"https:\/\/mindyourself.hr\/#\/schema\/logo\/image\/\",\"url\":\"https:\/\/mindyourself.hr\/wp\/wp-content\/uploads\/2025\/09\/android-chrome-512x512-1.png\",\"contentUrl\":\"https:\/\/mindyourself.hr\/wp\/wp-content\/uploads\/2025\/09\/android-chrome-512x512-1.png\",\"width\":512,\"height\":512,\"caption\":\"Mind Yourself\"},\"image\":{\"@id\":\"https:\/\/mindyourself.hr\/#\/schema\/logo\/image\/\"},\"sameAs\":[\"https:\/\/www.facebook.com\/profile.php?id=61580138521679\",\"https:\/\/hr.linkedin.com\/company\/mindyourself-coaching\",\"https:\/\/www.instagram.com\/mindyourself.hr\/\",\"https:\/\/www.youtube.com\/channel\/UCqemT0ugUDhk99zSB34zsXQ\"]}]}<\/script>\n<!-- \/ Yoast SEO plugin. -->","yoast_head_json":{"title":"Organizacijska kultura - Mind Yourself","robots":{"index":"index","follow":"follow","max-snippet":"max-snippet:-1","max-image-preview":"max-image-preview:large","max-video-preview":"max-video-preview:-1"},"canonical":"https:\/\/mindyourself.hr\/en\/organizational-culture\/","og_locale":"en_US","og_type":"article","og_title":"Organizacijska kultura - Mind Yourself","og_description":"Mind Yourself\u2122 | Organizacijska kultura ORGANIZACIJSKA KULTURA Kultura nije ono \u0161to pi\u0161e na zidu \u2013 to je ono \u0161to se doga\u0111a kad nitko ne gleda. Gradimo organizacijsku kulturu koja poti\u010de povjerenje, suradnju i odgovornost, koriste\u0107i podatke, precizne alate i razgovore koji otkrivaju stvarno stanje. Na\u0161a metodologija spaja ljudski pristup i mjerljive rezultate, tako da promjena [&hellip;]","og_url":"https:\/\/mindyourself.hr\/en\/organizational-culture\/","og_site_name":"Mind Yourself","article_publisher":"https:\/\/www.facebook.com\/profile.php?id=61580138521679","article_modified_time":"2025-12-28T11:03:53+00:00","og_image":[{"url":"https:\/\/mindyourself.hr\/wp\/wp-content\/uploads\/2025\/09\/orgnizacijskaCTA-scaled.jpg","type":"","width":"","height":""}],"twitter_card":"summary_large_image","twitter_misc":{"Est. reading time":"3 minutes"},"schema":{"@context":"https:\/\/schema.org","@graph":[{"@type":"WebPage","@id":"https:\/\/mindyourself.hr\/organizational-culture\/","url":"https:\/\/mindyourself.hr\/organizational-culture\/","name":"Organizacijska kultura - Mind Yourself","isPartOf":{"@id":"https:\/\/mindyourself.hr\/#website"},"primaryImageOfPage":{"@id":"https:\/\/mindyourself.hr\/organizational-culture\/#primaryimage"},"image":{"@id":"https:\/\/mindyourself.hr\/organizational-culture\/#primaryimage"},"thumbnailUrl":"https:\/\/mindyourself.hr\/wp\/wp-content\/uploads\/2025\/09\/orgnizacijskaCTA-scaled.jpg","datePublished":"2025-09-09T09:51:27+00:00","dateModified":"2025-12-28T11:03:53+00:00","breadcrumb":{"@id":"https:\/\/mindyourself.hr\/organizational-culture\/#breadcrumb"},"inLanguage":"en-US","potentialAction":[{"@type":"ReadAction","target":["https:\/\/mindyourself.hr\/organizational-culture\/"]}]},{"@type":"ImageObject","inLanguage":"en-US","@id":"https:\/\/mindyourself.hr\/organizational-culture\/#primaryimage","url":"https:\/\/mindyourself.hr\/wp\/wp-content\/uploads\/2025\/09\/orgnizacijskaCTA-scaled.jpg","contentUrl":"https:\/\/mindyourself.hr\/wp\/wp-content\/uploads\/2025\/09\/orgnizacijskaCTA-scaled.jpg"},{"@type":"BreadcrumbList","@id":"https:\/\/mindyourself.hr\/organizational-culture\/#breadcrumb","itemListElement":[{"@type":"ListItem","position":1,"name":"Home","item":"https:\/\/mindyourself.hr\/"},{"@type":"ListItem","position":2,"name":"Organizacijska kultura"}]},{"@type":"WebSite","@id":"https:\/\/mindyourself.hr\/#website","url":"https:\/\/mindyourself.hr\/","name":"Mind Yourself","description":"Access your unlimited potential","publisher":{"@id":"https:\/\/mindyourself.hr\/#organization"},"potentialAction":[{"@type":"SearchAction","target":{"@type":"EntryPoint","urlTemplate":"https:\/\/mindyourself.hr\/?s={search_term_string}"},"query-input":{"@type":"PropertyValueSpecification","valueRequired":true,"valueName":"search_term_string"}}],"inLanguage":"en-US"},{"@type":"Organization","@id":"https:\/\/mindyourself.hr\/#organization","name":"Mind Yourself","url":"https:\/\/mindyourself.hr\/","logo":{"@type":"ImageObject","inLanguage":"en-US","@id":"https:\/\/mindyourself.hr\/#\/schema\/logo\/image\/","url":"https:\/\/mindyourself.hr\/wp\/wp-content\/uploads\/2025\/09\/android-chrome-512x512-1.png","contentUrl":"https:\/\/mindyourself.hr\/wp\/wp-content\/uploads\/2025\/09\/android-chrome-512x512-1.png","width":512,"height":512,"caption":"Mind Yourself"},"image":{"@id":"https:\/\/mindyourself.hr\/#\/schema\/logo\/image\/"},"sameAs":["https:\/\/www.facebook.com\/profile.php?id=61580138521679","https:\/\/hr.linkedin.com\/company\/mindyourself-coaching","https:\/\/www.instagram.com\/mindyourself.hr\/","https:\/\/www.youtube.com\/channel\/UCqemT0ugUDhk99zSB34zsXQ"]}]}},"_links":{"self":[{"href":"https:\/\/mindyourself.hr\/en\/wp-json\/wp\/v2\/pages\/5","targetHints":{"allow":["GET"]}}],"collection":[{"href":"https:\/\/mindyourself.hr\/en\/wp-json\/wp\/v2\/pages"}],"about":[{"href":"https:\/\/mindyourself.hr\/en\/wp-json\/wp\/v2\/types\/page"}],"author":[{"embeddable":true,"href":"https:\/\/mindyourself.hr\/en\/wp-json\/wp\/v2\/users\/1"}],"replies":[{"embeddable":true,"href":"https:\/\/mindyourself.hr\/en\/wp-json\/wp\/v2\/comments?post=5"}],"version-history":[{"count":0,"href":"https:\/\/mindyourself.hr\/en\/wp-json\/wp\/v2\/pages\/5\/revisions"}],"wp:attachment":[{"href":"https:\/\/mindyourself.hr\/en\/wp-json\/wp\/v2\/media?parent=5"}],"curies":[{"name":"wp","href":"https:\/\/api.w.org\/{rel}","templated":true}]}}